{"id":1015,"date":"2017-08-26T08:32:10","date_gmt":"2017-08-26T08:32:10","guid":{"rendered":"http:\/\/dragonballwiki.net\/nghenhac\/?page_id=1015"},"modified":"2017-08-26T08:32:10","modified_gmt":"2017-08-26T08:32:10","slug":"huong-dan-nghe-nhac-tai-wiki-music","status":"publish","type":"page","link":"https:\/\/dragonballwiki.net\/nghenhac\/huong-dan-nghe-nhac-tai-wiki-music","title":{"rendered":"H\u01b0\u1edbng d\u1eabn nghe nh\u1ea1c t\u1ea1i Wiki Music"},"content":{"rendered":"<p>M\u1ed9t \u0111i\u1ec1u \u0111\u01a1n gi\u00e2n khi v\u00e0o web nh\u1ea1c l\u00e0 h\u00e3y s\u1eed d\u1ee5ng ch\u1ee9c n\u0103ng SEARCH (T\u00ccM KI\u1ebeM) n\u1ebfu b\u1ea1n nh\u1edb t\u00ean b\u00e0i h\u00e1t,t\u00ean ca s\u1ef9 ho\u1eb7c 1 \u0111o\u1ea1n n\u00e0o \u0111\u00f3 trong l\u1eddi nh\u1ea1c. N\u1ebfu kh\u00f4ng, h\u00e3y nghe nh\u1ea1c theo c\u00e1c chuy\u00ean m\u1ee5c \u0111\u01b0\u1ee3c gi\u1edbi thi\u1ec7u d\u01b0\u1edbi \u0111\u00e2y nh\u00e9<\/p>\n<p>&nbsp;<\/p>\n<p>KH\u00c1M PH\u00c1<\/p>\n<p>N\u01a1i \u0111\u00e2y b\u1ea1n s\u1ebd th\u1ea5y nh\u1eefng b\u00e0i h\u00e1t m\u1edbi nh\u1ea5t, album m\u1edbi nh\u1ea5t, nh\u1eefng t\u1eeb kh\u00f3a \u0111\u01b0\u1ee3c t\u00ecm ki\u1ebfm nhi\u1ec1u, b\u00e0i h\u00e1t nghe nhi\u1ec1u nh\u1ea5t, album \u0111\u01b0\u1ee3c xem nhi\u1ec1u nh\u1ea5t<\/p>\n<p>CHUY\u00caN M\u1ee4C<\/p>\n<p>N\u1ebfu b\u1ea1n mu\u1ed1n nghe t\u1ea5t c\u1ea3 c\u00e1c b\u00e0i \u1edf ri\u00eang Series n\u00e0o \u0111\u00f3 th\u00ec v\u00e0o \u0111\u00e2y. S\u1ebd c\u00f3 t\u1eeb Dragon Ball \u0111\u1ebfn Super, nh\u1ea1c \u1edf c\u00e1c movie, nh\u1ea1c fan cover&#8230;<\/p>\n<p>ALBUM<\/p>\n<p>T\u1eadp h\u1ee3p c\u00e1c album \u0111\u01b0\u1ee3c nh\u00e0 s\u1ea3n xu\u1ea5t ph\u00e1t h\u00e0nh xoay quanh c\u00e1c serire. Ngo\u00e0i ra c\u00f2n c\u00e1c album t\u1eadp h\u1ee3p c\u00e1c b\u00e0i chung ch\u1ee7 \u0111\u1ec1 \u0111\u1ec3 c\u00e1c b\u1ea1n ti\u1ec7n nghe. V\u00ed d\u1ee5: Album nh\u1ea1c m\u1edf \u0111\u1ea7u (opening), album nh\u1ea1c k\u1ebft th\u00fac (ending)&#8230;B\u00ean c\u1ea1nh \u0111\u00f3 l\u00e0 c\u00e1c album hot nh\u1ea5t, album ng\u1eabu nhi\u00ean<\/p>\n<p>CA S\u1ef8<\/p>\n<p>Th\u00f4ng tin v\u1ec1 c\u00e1c ca s\u1ef9 th\u1ec3 hi\u1ec7n c\u00e1c ca kh\u00e1c v\u1ec1 Dragon Ball. C\u00f9ng v\u1edbi \u0111\u00f3 l\u00e0 ca s\u1ef9 c\u1ed1 s\u1ed1 b\u00e0i \u0111\u01b0\u1ee3c nghe nhi\u1ec1u nh\u1ea5t, ca s\u1ef9 ng\u1eabu nhi\u00ean<\/p>\n<p>VIDEO<\/p>\n<p>C\u00e1c MV (music video) v\u1ec1 c\u00e1c b\u00e0i nh\u1ea1c n\u00e0y, th\u01b0\u1eddng c\u00e1c b\u00e0i Opening v\u00e0 Ending s\u1ebd c\u00f3 h\u00ecnh \u1ea3nh trong anime, c\u00f2n c\u00e1c b\u00e0i kh\u00e1c ch\u1ee7 y\u1ebfu t\u1eeb vi\u1ec7c ca s\u1ef9 thu \u00e2m ho\u1eb7c h\u00e1t Live&#8230;<\/p>\n<p>BLOG<\/p>\n<p>C\u00e1c b\u00e0i h\u01b0\u1edbng d\u1eabn v\u1ec1 c\u00e1ch thu \u00e2m nh\u1ea1c, c\u00e1ch download nh\u1ea1c, c\u00e1c bi\u00ean t\u1eadp, c\u1eaft gh\u00e9p nh\u1ea1c&#8230;<\/p>\n<p>V\u00c0O NGHE NH\u1ea0C<\/p>\n<p>H\u00e3y \u1ea5n n\u00fat Play (h\u00ecnh tam gi\u00e1c) \u0111\u1ec3 b\u1eaft \u0111\u1ea7u nghe nh\u1ea1c<\/p>\n<p>Th\u1ea5y hay th\u00ec Share cho b\u1ea1n b\u00e8 c\u00f9ng nghe nh\u00e9<\/p>\n<p>Th\u00edch th\u00ec \u1ea5n n\u00fat Download v\u1ec1 m\u00e1y<\/p>\n<p>C\u00f3 th\u1ec3 nghe th\u00eam c\u00e1c b\u00e0i h\u00e1t c\u00f9ng chuy\u00ean m\u1ee5c<\/p>\n<p>Ch\u00fa \u00fd \u0111\u1ebfn c\u00e1c b\u00e0i h\u00e1t nghe nhi\u1ec1u nh\u1ea5t + b\u00e0i h\u00e1t ng\u1eabu nhi\u00ean b\u00ean c\u1ea1nh nh\u00e9<\/p>\n<p>H\u00e3y \u0111\u1ec3 l\u1ea1i c\u1ea3m nh\u1eadn c\u1ee7a b\u1ea1n b\u1eb1ng c\u00e1ch comment b\u00ean d\u01b0\u1edbi nh\u00e9<\/p>\n<p>&nbsp;<\/p>\n<p>MUSIC PLAYER<\/p>\n<p>M\u1ed7i khi b\u1ea1n \u1ea5n Play b\u00e0i h\u00e1t th\u00ec Player \u1edf d\u01b0\u1edbi s\u1ebd ch\u1ea1y.<\/p>\n<p>Khi b\u1ea1n chuy\u1ec3n sang n\u01a1i kh\u00e1c th\u00ec b\u00e0i h\u00e1t v\u1eabn s\u1ebd ch\u1ea1y cho \u0111\u1ebfn khi b\u1ea1n \u1ea5n Play b\u00e0i kh\u00e1c<\/p>\n<p>M\u1ed7i khi b\u1ea1n Play 1 b\u00e0i th\u00ec danh s\u00e1ch s\u1ebd \u0111\u01b0\u1ee3c th\u00eam v\u00e0o Player, c\u00f3 th\u1ec3 x\u00f3a t\u00f9y \u00fd<\/p>\n<p>Nh\u00ecn sang b\u00ean ph\u1ea3i c\u00f3 n\u00fat \u0111i\u1ec1u ch\u1ec9nh \u00e2m l\u01b0\u1ee3ng, chuy\u1ec3n b\u00e0i ng\u1eabu nhi\u00ean (Shuffle)\u00a0 v\u00e0 nghe l\u1ea1i b\u00e0i h\u00e1t (repeat)<\/p>\n<p>PLAY NH\u1ea0C \u1ede B\u1ea4T K\u00cc \u0110\u00c2U<\/p>\n<p>Khi b\u1ea1n th\u1ea5y b\u1ea5t k\u00ec b\u00e0i h\u00e1t n\u00e0o, n\u1ebfu mu\u1ed1n nghe lu\u00f4n th\u00ec h\u00e3y di chu\u1ed9t v\u00e0o gi\u1eefa v\u00e0 \u1ea5n. Nh\u1ea1c s\u1ebd \u0111\u01b0\u1ee3c Play ngay l\u1eadp t\u1ee9c m\u00e0 kh\u00f4ng c\u1ea7n v\u00e0o h\u1eb3n b\u00e0i (v\u00e0o th\u00ec s\u1ebd xem \u0111\u01b0\u1ee3c l\u1eddi)<\/p>\n<p>C\u00c1C T\u00cdNH N\u0102NG S\u1eaeP C\u00d3<\/p>\n<p>Th\u00edch nh\u1ea1c: T\u01b0\u01a1ng t\u1ef1 nh\u01b0 Like tr\u00ean facebook, b\u1ea1n c\u00f3 th\u1ec3 &#8220;th\u00edch&#8221; 1 b\u00e0i n\u00e0o \u0111\u00f3 v\u00e0 s\u1ebd c\u00f3 th\u1ed1ng k\u00ea danh s\u00e1ch c\u00e1c b\u00e0i b\u1ea1n th\u00edch<\/p>\n<p>Playlist: b\u1ea1n c\u00f3 th\u1ec3 \u0111\u01b0a c\u00e1c b\u00e0i m\u00ecnh th\u00edch v\u00e0o 1 danh s\u00e1ch r\u1ed3i l\u01b0u l\u1ea1i khi n\u00e0o c\u1ea7n gi\u1edf ra nghe.<\/p>\n<p>Ho\u1ea1t \u0111\u1ed9ng: t\u1ea1i \u0111\u00e2y b\u1ea1n c\u00f3 th\u1ec3 bi\u1ebft \u0111\u01b0\u1ee3c c\u00e1c th\u00e0nh vi\u00ean c\u1ee7a web \u0111ang l\u00e0m g\u00ec, \u0111ang nghe b\u00e0i g\u00ec, \u0111\u0103ng stt g\u00ec v\u00e0&#8230;t\u01b0\u01a1ng t\u00e1c v\u1edbi h\u1ecd<\/p>\n<p>Chat Zom: N\u01a1i ch\u00e1t ch\u00edt, t\u00e1n g\u1eabu, chim chu\u1ed9t nhau&#8230;<\/p>\n<p>&nbsp;<\/p>\n<p>&nbsp;<\/p>\n<p>&nbsp;<\/p>\n<p>&nbsp;<\/p>\n<p>&nbsp;<\/p>\n","protected":false},"excerpt":{"rendered":"<p>M\u1ed9t \u0111i\u1ec1u \u0111\u01a1n gi\u00e2n khi v\u00e0o web nh\u1ea1c l\u00e0 h\u00e3y s\u1eed d\u1ee5ng ch\u1ee9c n\u0103ng SEARCH (T\u00ccM KI\u1ebeM) n\u1ebfu b\u1ea1n nh\u1edb t\u00ean b\u00e0i h\u00e1t,t\u00ean ca s\u1ef9 ho\u1eb7c 1 \u0111o\u1ea1n n\u00e0o \u0111\u00f3 trong l\u1eddi nh\u1ea1c. N\u1ebfu kh\u00f4ng, h\u00e3y nghe nh\u1ea1c theo c\u00e1c chuy\u00ean m\u1ee5c \u0111\u01b0\u1ee3c gi\u1edbi thi\u1ec7u d\u01b0\u1edbi \u0111\u00e2y nh\u00e9 &nbsp; KH\u00c1M PH\u00c1 N\u01a1i \u0111\u00e2y b\u1ea1n s\u1ebd [&hellip;]<\/p>\n","protected":false},"author":1,"featured_media":0,"parent":0,"menu_order":0,"comment_status":"closed","ping_status":"closed","template":"","meta":{"footnotes":""},"yst_prominent_words":[875,151,878,869,865,873,866,816,871,863,815,847,877,868,872,874,867,864,870,876],"yoast_head":"<!-- This site is optimized with the Yoast SEO Premium plugin v14.3 - https:\/\/yoast.com\/wordpress\/plugins\/seo\/ -->\n<title>H\u01b0\u1edbng d\u1eabn nghe nh\u1ea1c t\u1ea1i Wiki Music<\/title>\n<meta name=\"description\" content=\"H\u01b0\u1edbng d\u1eabn nghe nh\u1ea1c t\u1ea1i Wiki Music\" \/>\n<meta name=\"robots\" content=\"index, follow\" \/>\n<meta name=\"googlebot\" content=\"index, follow, max-snippet:-1, max-image-preview:large, max-video-preview:-1\" \/>\n<meta name=\"bingbot\" content=\"index, follow, max-snippet:-1, max-image-preview:large, max-video-preview:-1\" \/>\n<link rel=\"canonical\" href=\"https:\/\/dragonballwiki.net\/nghenhac\/huong-dan-nghe-nhac-tai-wiki-music\" \/>\n<meta property=\"og:locale\" content=\"en_US\" \/>\n<meta property=\"og:type\" content=\"article\" \/>\n<meta property=\"og:title\" content=\"H\u01b0\u1edbng d\u1eabn nghe nh\u1ea1c t\u1ea1i Wiki Music\" \/>\n<meta property=\"og:description\" content=\"H\u01b0\u1edbng d\u1eabn nghe nh\u1ea1c t\u1ea1i Wiki Music\" \/>\n<meta property=\"og:url\" content=\"https:\/\/dragonballwiki.net\/nghenhac\/huong-dan-nghe-nhac-tai-wiki-music\" \/>\n<meta property=\"og:site_name\" content=\"DB Wiki Music\" \/>\n<meta property=\"og:image\" content=\"https:\/\/dragonballwiki.net\/nghenhac\/wp-content\/uploads\/2019\/05\/db-music.jpg\" \/>\n\t<meta property=\"og:image:width\" content=\"1440\" \/>\n\t<meta property=\"og:image:height\" content=\"1080\" \/>\n<meta name=\"twitter:card\" content=\"summary\" \/>\n<script type=\"application\/ld+json\" class=\"yoast-schema-graph\">{\"@context\":\"https:\/\/schema.org\",\"@graph\":[{\"@type\":\"WebSite\",\"@id\":\"https:\/\/dragonballwiki.net\/nghenhac\/#website\",\"url\":\"https:\/\/dragonballwiki.net\/nghenhac\/\",\"name\":\"DB Wiki Music\",\"description\":\"T\\u1ed5ng h\\u1ee3p nh\\u1ea1c Dragon Ball\",\"potentialAction\":[{\"@type\":\"SearchAction\",\"target\":\"https:\/\/dragonballwiki.net\/nghenhac\/?s={search_term_string}\",\"query-input\":\"required name=search_term_string\"}],\"inLanguage\":\"en-US\"},{\"@type\":\"WebPage\",\"@id\":\"https:\/\/dragonballwiki.net\/nghenhac\/huong-dan-nghe-nhac-tai-wiki-music#webpage\",\"url\":\"https:\/\/dragonballwiki.net\/nghenhac\/huong-dan-nghe-nhac-tai-wiki-music\",\"name\":\"H\\u01b0\\u1edbng d\\u1eabn nghe nh\\u1ea1c t\\u1ea1i Wiki Music\",\"isPartOf\":{\"@id\":\"https:\/\/dragonballwiki.net\/nghenhac\/#website\"},\"datePublished\":\"2017-08-26T08:32:10+00:00\",\"dateModified\":\"2017-08-26T08:32:10+00:00\",\"description\":\"H\\u01b0\\u1edbng d\\u1eabn nghe nh\\u1ea1c t\\u1ea1i Wiki Music\",\"inLanguage\":\"en-US\",\"potentialAction\":[{\"@type\":\"ReadAction\",\"target\":[\"https:\/\/dragonballwiki.net\/nghenhac\/huong-dan-nghe-nhac-tai-wiki-music\"]}]}]}<\/script>\n<!-- \/ Yoast SEO Premium plugin. -->","_links":{"self":[{"href":"https:\/\/dragonballwiki.net\/nghenhac\/wp-json\/wp\/v2\/pages\/1015"}],"collection":[{"href":"https:\/\/dragonballwiki.net\/nghenhac\/wp-json\/wp\/v2\/pages"}],"about":[{"href":"https:\/\/dragonballwiki.net\/nghenhac\/wp-json\/wp\/v2\/types\/page"}],"author":[{"embeddable":true,"href":"https:\/\/dragonballwiki.net\/nghenhac\/wp-json\/wp\/v2\/users\/1"}],"replies":[{"embeddable":true,"href":"https:\/\/dragonballwiki.net\/nghenhac\/wp-json\/wp\/v2\/comments?post=1015"}],"version-history":[{"count":0,"href":"https:\/\/dragonballwiki.net\/nghenhac\/wp-json\/wp\/v2\/pages\/1015\/revisions"}],"wp:attachment":[{"href":"https:\/\/dragonballwiki.net\/nghenhac\/wp-json\/wp\/v2\/media?parent=1015"}],"wp:term":[{"taxonomy":"yst_prominent_words","embeddable":true,"href":"https:\/\/dragonballwiki.net\/nghenhac\/wp-json\/wp\/v2\/yst_prominent_words?post=1015"}],"curies":[{"name":"wp","href":"https:\/\/api.w.org\/{rel}","templated":true}]}}