{"id":1012,"date":"2017-08-26T07:09:15","date_gmt":"2017-08-26T07:09:15","guid":{"rendered":"http:\/\/dragonballwiki.net\/nghenhac\/?page_id=1012"},"modified":"2018-07-27T08:42:19","modified_gmt":"2018-07-27T08:42:19","slug":"huong-dan-upload-nhac-wiki-music","status":"publish","type":"page","link":"https:\/\/dragonballwiki.net\/nghenhac\/huong-dan-upload-nhac-wiki-music","title":{"rendered":"H\u01b0\u1edbng d\u1eabn upload nh\u1ea1c Wiki Music"},"content":{"rendered":"<p><span style=\"font-family: 'times new roman', times, serif; font-size: 14pt; color: #000000;\">\u0110\u1ec3 c\u00f3 th\u1ec3 \u0111\u01b0a nh\u1ea1c l\u00ean Wiki b\u1ea1n th\u1ef1c hi\u1ec7n c\u00e1c b\u01b0\u1edbc sau:<\/span><\/p>\n<p><span style=\"color: #ff0000;\"><strong><span style=\"font-family: 'times new roman', times, serif; font-size: 14pt;\">B\u01b0\u1edbc 1: \u0110\u0102NG K\u00dd NICH<\/span><\/strong><\/span><\/p>\n<p><span style=\"font-family: 'times new roman', times, serif; font-size: 14pt; color: #000000;\">\u0110\u0103ng k\u00fd <span style=\"color: #0000ff;\"><a style=\"color: #0000ff;\" href=\"http:\/\/dragonballwiki.net\/nghenhac\/register\/\">t\u1ea1i \u0111\u00e2y<\/a><\/span><\/span><\/p>\n<p><span style=\"color: #ff0000;\"><strong><span style=\"font-family: 'times new roman', times, serif; font-size: 14pt;\">B\u01b0\u1edbc 2: \u0110\u0103ng k\u00fd host ch\u1ee9a nh\u1ea1c<\/span><\/strong><\/span><\/p>\n<p><span style=\"font-family: 'times new roman', times, serif; font-size: 14pt; color: #000000;\">Nh\u1ea1c ph\u1ea3i c\u00f3 n\u01a1i \u0111\u1ec3 l\u01b0u tr\u1eef n\u00ean b\u1ea1n c\u1ea7n \u0111\u0103ng k\u00fd 1 host ch\u1ee9a.<\/span><\/p>\n<p><span style=\"font-family: 'times new roman', times, serif; font-size: 14pt; color: #000000;\">Truy c\u1eadp <span style=\"color: #0000ff;\"><a style=\"color: #0000ff;\" href=\"https:\/\/kiwi6.com\/register\">kiwi6.com<\/a><\/span> r\u1ed3i \u0111\u0103ng k\u00fd nh\u01b0 1 nich b\u00ecnh th\u01b0\u1eddng<\/span><\/p>\n<p><span style=\"color: #ff0000;\"><strong><span style=\"font-family: 'times new roman', times, serif; font-size: 14pt;\">B\u01b0\u1edbc 3: Download nh\u1ea1c v\u1ec1 m\u00e1y<\/span><\/strong><\/span><\/p>\n<p><span style=\"font-family: 'times new roman', times, serif; font-size: 14pt; color: #000000;\">C\u00e1i n\u00e0y ho\u00e0n to\u00e0n do c\u00e1c b\u1ea1n s\u01b0u t\u1eadp th\u00f4i :p. B\u1ea1n c\u00f3 th\u1ec3 t\u00ecm ki\u1ebfm google ho\u1eb7c t\u00ecnh c\u1edd nghe \u1edf trang n\u00e0o th\u00ec h\u00e3y download v\u1ec1 m\u00e1y. Nh\u1edb <span style=\"color: #0000ff;\"><a style=\"color: #0000ff;\" href=\"http:\/\/dragonballwiki.net\/nghenhac\/blog\/idm-tu-dong-bat-link-download-khi-nghe-nhac.html\">c\u00e0i ph\u1ea7n m\u1ec1m IDM \u0111\u1ec3 n\u00f3 t\u1ef1 \u0111\u1ed9ng b\u1eaft link download<\/a><\/span>. Ngo\u00e0i ra b\u1ea1n c\u00f3 th\u1ec3 tham kh\u1ea3o b\u00e0i vi\u1ebft <span style=\"color: #0000ff;\"><a style=\"color: #0000ff;\" href=\"https:\/\/dragonballwiki.net\/wiki-khac\/danh-sach-toan-bo-nhac-dragon-ball.html\">Danh s\u00e1ch to\u00e0n b\u1ed9 nh\u1ea1c<\/a><\/span>, m\u00ecnh c\u00f3 t\u00ecm \u0111\u01b0\u1ee3c 1 v\u00e0i link c\u00f3 th\u1ec3 download v\u1ec1.<\/span><\/p>\n<p><span style=\"color: #ff0000;\"><strong><span style=\"font-family: 'times new roman', times, serif; font-size: 14pt;\">B\u01b0\u1edbc 4: Upload nh\u1ea1c l\u00ean Host (n\u01a1i l\u01b0u tr\u1eef)<\/span><\/strong><\/span><\/p>\n<p><span style=\"font-family: 'times new roman', times, serif; font-size: 14pt; color: #000000;\">\u0110\u0103ng nh\u1eadp v\u00e0o <strong>Kiwi6.com<\/strong><\/span><\/p>\n<p><span style=\"font-family: 'times new roman', times, serif; font-size: 14pt; color: #000000;\">\u1ea4n <strong>Upload file<\/strong><\/span><\/p>\n<p><span style=\"font-family: 'times new roman', times, serif; font-size: 14pt; color: #000000;\"><img decoding=\"async\" src=\"https:\/\/i.imgur.com\/0UASmb3.png\" \/><\/span><\/p>\n<p><span style=\"font-family: 'times new roman', times, serif; font-size: 14pt; color: #000000;\">\u1ea4n &#8220;<strong>Ch\u1ecdn t\u1ec7p<\/strong>&#8221; \u0111\u1ec3 t\u00ecm file nh\u1ea1c \u1edf m\u00e1y t\u00ednh \u0111\u00e3 download v\u1ec1<\/span><\/p>\n<p><span style=\"font-family: 'times new roman', times, serif; font-size: 14pt; color: #000000;\"><img decoding=\"async\" src=\"https:\/\/i.imgur.com\/e5gtdoO.jpg\" \/><\/span><\/p>\n<p><span style=\"font-family: 'times new roman', times, serif; font-size: 14pt; color: #000000;\">N\u00f3 hi\u1ec7n ra b\u1ea3ng nh\u01b0 n\u00e0y th\u00ec <strong>\u0111\u1ec3 m\u1ecdi th\u1ee9 m\u1eb7c \u0111\u1ecbnh<\/strong>, \u1ea5n <strong>&#8220;upload&#8221;<\/strong><\/span><\/p>\n<p><span style=\"font-family: 'times new roman', times, serif; font-size: 14pt; color: #000000;\"><img decoding=\"async\" src=\"https:\/\/i.imgur.com\/kJOte1g.png\" \/><\/span><\/p>\n<p><span style=\"font-family: 'times new roman', times, serif; font-size: 14pt; color: #000000;\">T\u00f9y file nh\u1ea1c n\u1eb7ng hay nh\u1eb9 m\u00e0 upload l\u00e2u hay ch\u1eadm. Tuy nhi\u00ean c\u00e1c file \u0111\u1ec1u t\u1ea7m 3-&gt;4mb n\u00ean up c\u1ef1c nhanh<\/span><\/p>\n<p><span style=\"font-family: 'times new roman', times, serif; font-size: 14pt; color: #000000;\">Sau khi up xong n\u00f3 tr\u1edf v\u1ec1 trang ch\u1ee7 th\u00ec \u1ea5n v\u00e0o <strong>File manager<\/strong><\/span><\/p>\n<p><span style=\"font-family: 'times new roman', times, serif; font-size: 14pt; color: #000000;\"><img decoding=\"async\" src=\"https:\/\/i.imgur.com\/kJovual.png\" \/><\/span><\/p>\n<p><span style=\"font-family: 'times new roman', times, serif; font-size: 14pt; color: #000000;\">N\u01a1i \u0111\u00e2y t\u1eadp h\u1ee3p t\u1ea5t c\u1ea3 c\u00e1c file nh\u1ea1c \u0111\u00e3 upload l\u00ean.\u00a0<\/span><\/p>\n<p><span style=\"font-family: 'times new roman', times, serif; font-size: 14pt; color: #000000;\">T\u1ea1i \u0111\u00e2y c\u0169ng c\u00f3 n\u00fat upload. Ch\u00fa \u00fd l\u00e0 c\u00f3 m\u1ee5c t\u1ea1o <strong>Folder \u0111\u1ec3 nh\u00f3m c\u00e1c file nh\u1ea1c c\u00f9ng m\u1ee5c v\u00e0o chung<\/strong>. V\u00e0 khi upload ta c\u00f3 th\u1ec3 ch\u1ecdn folder c\u1ea7n up v\u00e0o<\/span><\/p>\n<p><span style=\"font-family: 'times new roman', times, serif; font-size: 14pt; color: #000000;\">Ta <strong>\u1ea5n v\u00e0o t\u00ean b\u00e0i h\u00e1t<\/strong> \u0111\u1ec3 c\u00f3 c\u00e1c Link<\/span><\/p>\n<p><span style=\"font-family: 'times new roman', times, serif; font-size: 14pt; color: #000000;\"><img decoding=\"async\" src=\"https:\/\/i.imgur.com\/qmLf0Ex.png\" \/><\/span><\/p>\n<p><span style=\"font-family: 'times new roman', times, serif; font-size: 14pt; color: #000000;\">\u1ede \u0111\u00e2y ch\u00fa \u00fd ph\u1ea7n <strong>Direct Hotline<\/strong>, ch\u00ednh l\u00e0 <strong>LINK TR\u1ef0C TI\u1ebeP<\/strong>\u00a0 ta c\u1ea7n \u0111\u1ec3 \u0111\u01b0a v\u00e0o trang nghe nh\u1ea1c<\/span><\/p>\n<p><span style=\"font-family: 'times new roman', times, serif; font-size: 14pt; color: #000000;\"><img decoding=\"async\" src=\"https:\/\/i.imgur.com\/LYMjETY.png\" \/><\/span><\/p>\n<p>&nbsp;<\/p>\n<p><span style=\"color: #ff0000;\"><strong><span style=\"font-family: 'times new roman', times, serif; font-size: 14pt;\">B\u01b0\u1edbc 5: \u0110\u01b0a nh\u1ea1c v\u00e0o Web Wiki<\/span><\/strong><\/span><\/p>\n<p><span style=\"font-family: 'times new roman', times, serif; font-size: 14pt; color: #000000;\">B\u1ea1n truy c\u1eadp v\u00e0o AdminCP:\u00a0<span style=\"color: #0000ff;\"><a style=\"color: #0000ff;\" href=\"http:\/\/dragonballwiki.net\/nghenhac\/wp-admin\">http:\/\/dragonballwiki.net\/nghenhac\/wp-admin<\/a><\/span><\/span><\/p>\n<p><span style=\"font-family: 'times new roman', times, serif; font-size: 14pt; color: #000000;\">\u1ea5n <strong>Music -&gt; Add new<\/strong><\/span><\/p>\n<p><span style=\"font-family: 'times new roman', times, serif; font-size: 14pt; color: #000000;\">(1) Ti\u00eau \u0111\u1ec1 b\u00e0i h\u00e1t<\/span><\/p>\n<p><span style=\"font-family: 'times new roman', times, serif; font-size: 14pt; color: #000000;\">(2) C\u00f3 th\u1ec3 mi\u00eau t\u1ea3 v\u1ec1 th\u00f4ng tin b\u00e0i h\u00e1t, ki\u1ec3u n\u00f3 thu\u1ed9c ph\u1ea7n n\u00e0o trong Series (n\u1ebfu c\u00f3). V\u00e0 Copy l\u1eddi b\u00e0i h\u00e1t v\u00e0o \u0111\u00e2y (c\u1ea7n c\u00f3), ti\u1ebfng Nh\u1eadt phi\u00ean \u00e2m ra th\u00ec t\u1ed1t<\/span><\/p>\n<p><span style=\"font-family: 'times new roman', times, serif; font-size: 14pt; color: #000000;\">(3) T\u00ean ca s\u1ef9,\u1ea4n v\u00e0o Choose From most Artist \u0111\u1ec3 xem c\u00f3 ch\u01b0a, c\u00f3 r\u1ed3i th\u00ec \u1ea5n ch\u1ecdn lu\u00f4n, n\u1ebfu ch\u01b0a c\u00f3 th\u00ec \u0111\u00e1nh v\u00e0o.<\/span><\/p>\n<p><span style=\"font-family: 'times new roman', times, serif; font-size: 14pt; color: #000000;\">(4) CHuy\u00ean m\u1ee5c: Ch\u1ecdn \u0111\u00fang chuy\u00ean m\u1ee5c<\/span><\/p>\n<p><span style=\"font-family: 'times new roman', times, serif; font-size: 14pt; color: #000000;\">(5) C\u00e1i n\u00e0y ch\u1ecdn <strong>Remote<\/strong> (ban \u0111\u1ea7u n\u00f3 \u0111\u1ec3 l\u00e0 Local)<\/span><\/p>\n<p><span style=\"font-family: 'times new roman', times, serif; font-size: 14pt; color: #000000;\">(6) Copy <strong>LINK TR\u1ef0C TI\u1ebeP<\/strong> \u1ede B\u01af\u1edaC 4 b\u00e0i h\u00e1t v\u00e0o \u0111\u00e2y<\/span><\/p>\n<p><span style=\"font-family: 'times new roman', times, serif; font-size: 14pt; color: #000000;\">(7) \u1ea2nh \u0111\u1ea1i di\u1ec7n b\u00e0i h\u00e1t, n\u00ean google \u1ea3nh v\u1edbi t\u00ean b\u00e0i h\u00e1t xem c\u00f3 \u1ea3nh n\u00e0o chu\u1ea9n ph\u00f9 h\u1ee3p ko, n\u1ebfu kh\u00f4ng ch\u1ecdn 1 b\u1ee9c \u1ea3nh dragon ball \u0111\u1eb9p c\u0169ng \u0111\u01b0\u1ee3c<\/span><\/p>\n<p><span style=\"font-family: 'times new roman', times, serif; font-size: 14pt; color: #000000;\">(8) M\u1ed9t s\u1ed1 th\u00f4ng tin ph\u1ee5 nh\u01b0 n\u0103m ph\u00e1t h\u00e0nh, th\u1eddi l\u01b0\u1ee3ng b\u00e0i h\u00e1t, cho ph\u00e9p ng\u01b0\u1eddi nghe download: \u0111i\u1ec1n c\u0169ng \u0111\u01b0\u1ee3c, ko c\u0169ng ko sao<\/span><\/p>\n<p><span style=\"font-family: 'times new roman', times, serif; font-size: 14pt; color: #000000;\"><img decoding=\"async\" src=\"http:\/\/i.imgur.com\/tmkMnX0.png\" \/><\/span><\/p>\n<p><span style=\"font-family: 'times new roman', times, serif; font-size: 14pt; color: #000000;\">Gi\u1edd b\u1ea1n ch\u1edd admin duy\u1ec7t l\u00e0 xong!<\/span><\/p>\n","protected":false},"excerpt":{"rendered":"<p>\u0110\u1ec3 c\u00f3 th\u1ec3 \u0111\u01b0a nh\u1ea1c l\u00ean Wiki b\u1ea1n th\u1ef1c hi\u1ec7n c\u00e1c b\u01b0\u1edbc sau: B\u01b0\u1edbc 1: \u0110\u0102NG K\u00dd NICH \u0110\u0103ng k\u00fd t\u1ea1i \u0111\u00e2y B\u01b0\u1edbc 2: \u0110\u0103ng k\u00fd host ch\u1ee9a nh\u1ea1c Nh\u1ea1c ph\u1ea3i c\u00f3 n\u01a1i \u0111\u1ec3 l\u01b0u tr\u1eef n\u00ean b\u1ea1n c\u1ea7n \u0111\u0103ng k\u00fd 1 host ch\u1ee9a. Truy c\u1eadp kiwi6.com r\u1ed3i \u0111\u0103ng k\u00fd nh\u01b0 1 nich b\u00ecnh th\u01b0\u1eddng [&hellip;]<\/p>\n","protected":false},"author":1,"featured_media":0,"parent":0,"menu_order":0,"comment_status":"closed","ping_status":"closed","template":"","meta":{"footnotes":""},"yst_prominent_words":[151,849,846,859,816,854,855,847,860,858,851,857,848,862,789,853,850,852,861,856],"yoast_head":"<!-- This site is optimized with the Yoast SEO Premium plugin v14.3 - https:\/\/yoast.com\/wordpress\/plugins\/seo\/ -->\n<title>H\u01b0\u1edbng d\u1eabn upload nh\u1ea1c Wiki Music<\/title>\n<meta name=\"description\" content=\"H\u01b0\u1edbng d\u1eabn upload nh\u1ea1c Wiki Music\" \/>\n<meta name=\"robots\" content=\"index, follow\" \/>\n<meta name=\"googlebot\" content=\"index, follow, max-snippet:-1, max-image-preview:large, max-video-preview:-1\" \/>\n<meta name=\"bingbot\" content=\"index, follow, max-snippet:-1, max-image-preview:large, max-video-preview:-1\" \/>\n<link rel=\"canonical\" href=\"https:\/\/dragonballwiki.net\/nghenhac\/huong-dan-upload-nhac-wiki-music\" \/>\n<meta property=\"og:locale\" content=\"en_US\" \/>\n<meta property=\"og:type\" content=\"article\" \/>\n<meta property=\"og:title\" content=\"H\u01b0\u1edbng d\u1eabn upload nh\u1ea1c Wiki Music\" \/>\n<meta property=\"og:description\" content=\"H\u01b0\u1edbng d\u1eabn upload nh\u1ea1c Wiki Music\" \/>\n<meta property=\"og:url\" content=\"https:\/\/dragonballwiki.net\/nghenhac\/huong-dan-upload-nhac-wiki-music\" \/>\n<meta property=\"og:site_name\" content=\"DB Wiki Music\" \/>\n<meta property=\"article:modified_time\" content=\"2018-07-27T08:42:19+00:00\" \/>\n<meta property=\"og:image\" content=\"https:\/\/i.imgur.com\/0UASmb3.png\" \/>\n<meta name=\"twitter:card\" content=\"summary\" \/>\n<script type=\"application\/ld+json\" class=\"yoast-schema-graph\">{\"@context\":\"https:\/\/schema.org\",\"@graph\":[{\"@type\":\"WebSite\",\"@id\":\"https:\/\/dragonballwiki.net\/nghenhac\/#website\",\"url\":\"https:\/\/dragonballwiki.net\/nghenhac\/\",\"name\":\"DB Wiki Music\",\"description\":\"T\\u1ed5ng h\\u1ee3p nh\\u1ea1c Dragon Ball\",\"potentialAction\":[{\"@type\":\"SearchAction\",\"target\":\"https:\/\/dragonballwiki.net\/nghenhac\/?s={search_term_string}\",\"query-input\":\"required name=search_term_string\"}],\"inLanguage\":\"en-US\"},{\"@type\":\"ImageObject\",\"@id\":\"https:\/\/dragonballwiki.net\/nghenhac\/huong-dan-upload-nhac-wiki-music#primaryimage\",\"inLanguage\":\"en-US\",\"url\":\"https:\/\/i.imgur.com\/0UASmb3.png\"},{\"@type\":\"WebPage\",\"@id\":\"https:\/\/dragonballwiki.net\/nghenhac\/huong-dan-upload-nhac-wiki-music#webpage\",\"url\":\"https:\/\/dragonballwiki.net\/nghenhac\/huong-dan-upload-nhac-wiki-music\",\"name\":\"H\\u01b0\\u1edbng d\\u1eabn upload nh\\u1ea1c Wiki Music\",\"isPartOf\":{\"@id\":\"https:\/\/dragonballwiki.net\/nghenhac\/#website\"},\"primaryImageOfPage\":{\"@id\":\"https:\/\/dragonballwiki.net\/nghenhac\/huong-dan-upload-nhac-wiki-music#primaryimage\"},\"datePublished\":\"2017-08-26T07:09:15+00:00\",\"dateModified\":\"2018-07-27T08:42:19+00:00\",\"description\":\"H\\u01b0\\u1edbng d\\u1eabn upload nh\\u1ea1c Wiki Music\",\"inLanguage\":\"en-US\",\"potentialAction\":[{\"@type\":\"ReadAction\",\"target\":[\"https:\/\/dragonballwiki.net\/nghenhac\/huong-dan-upload-nhac-wiki-music\"]}]}]}<\/script>\n<!-- \/ Yoast SEO Premium plugin. -->","_links":{"self":[{"href":"https:\/\/dragonballwiki.net\/nghenhac\/wp-json\/wp\/v2\/pages\/1012"}],"collection":[{"href":"https:\/\/dragonballwiki.net\/nghenhac\/wp-json\/wp\/v2\/pages"}],"about":[{"href":"https:\/\/dragonballwiki.net\/nghenhac\/wp-json\/wp\/v2\/types\/page"}],"author":[{"embeddable":true,"href":"https:\/\/dragonballwiki.net\/nghenhac\/wp-json\/wp\/v2\/users\/1"}],"replies":[{"embeddable":true,"href":"https:\/\/dragonballwiki.net\/nghenhac\/wp-json\/wp\/v2\/comments?post=1012"}],"version-history":[{"count":0,"href":"https:\/\/dragonballwiki.net\/nghenhac\/wp-json\/wp\/v2\/pages\/1012\/revisions"}],"wp:attachment":[{"href":"https:\/\/dragonballwiki.net\/nghenhac\/wp-json\/wp\/v2\/media?parent=1012"}],"wp:term":[{"taxonomy":"yst_prominent_words","embeddable":true,"href":"https:\/\/dragonballwiki.net\/nghenhac\/wp-json\/wp\/v2\/yst_prominent_words?post=1012"}],"curies":[{"name":"wp","href":"https:\/\/api.w.org\/{rel}","templated":true}]}}